{"id":832,"date":"2024-02-06T16:35:50","date_gmt":"2024-02-06T15:35:50","guid":{"rendered":"http:\/\/dev.eurace.sk\/zoznam-eur-ace-akreditovanych-studijnych-programov-na-slovensku\/"},"modified":"2024-03-27T19:30:19","modified_gmt":"2024-03-27T18:30:19","slug":"list-of-eur-ace-accredited-study-programs-in-slovakia","status":"publish","type":"page","link":"https:\/\/eurace.sk\/en\/eur-ace-accreditations\/list-of-eur-ace-accredited-study-programs-in-slovakia\/","title":{"rendered":"List of EUR-ACE Accredited Study Programs in Slovakia"},"content":{"rendered":"<style>\/*! elementor - v3.18.0 - 20-12-2023 *\/\n.elementor-heading-title{padding:0;margin:0;line-height:1}.elementor-widget-heading .elementor-heading-title[class*=elementor-size-]>a{color:inherit;font-size:inherit;line-height:inherit}.elementor-widget-heading .elementor-heading-title.elementor-size-small{font-size:15px}.elementor-widget-heading .elementor-heading-title.elementor-size-medium{font-size:19px}.elementor-widget-heading .elementor-heading-title.elementor-size-large{font-size:29px}.elementor-widget-heading .elementor-heading-title.elementor-size-xl{font-size:39px}.elementor-widget-heading .elementor-heading-title.elementor-size-xxl{font-size:59px}<\/style>\n<h2>Slovak University of Technology STU, Bratislava<\/h2>\n<style>\/*! elementor - v3.18.0 - 20-12-2023 *\/\n.elementor-widget-image{text-align:center}.elementor-widget-image a{display:inline-block}.elementor-widget-image a img[src$=\".svg\"]{width:48px}.elementor-widget-image img{vertical-align:middle;display:inline-block}<\/style>\n<p>\t\t\t\t\t\t\t\t\t\t\t\t<img decoding=\"async\" width=\"165\" height=\"165\" src=\"https:\/\/eurace.sk\/wp-content\/uploads\/2024\/01\/eurace-jan-sajbidor02.jpg\" alt=\"\" srcset=\"https:\/\/eurace.sk\/wp-content\/uploads\/2024\/01\/eurace-jan-sajbidor02.jpg 165w, https:\/\/eurace.sk\/wp-content\/uploads\/2024\/01\/eurace-jan-sajbidor02-150x150.jpg 150w\" sizes=\"(max-width: 165px) 100vw, 165px\" \/>\t\t\t\t\t\t\t\t\t\t\t\t\t\t\t<\/p>\n<h3>Faculty of Chemical and Food Technology<\/h3>\n<p><strong><em>prof. Ing. J\u00e1n \u0160ajbidor, DrSc., dekan FCHPT STUBA<\/em><\/strong><\/p>\n<p><strong>Study Program:\u00a0<\/strong>Chemical Technologies (2nd cycle)<\/p>\n<p><strong>EUR-ACE audit date:\u00a0<\/strong>September 1, 2017<\/p>\n<p><strong>Web:\u00a0<\/strong><a href=\"http:\/\/www.fchpt.stuba.sk\/\" target=\"_blank\" rel=\"noopener\">www.fchpt.stuba.sk<\/a><\/p>\n<p>\t\t\t\t\t\t\t\t\t\t\t\t\t\t\t<img decoding=\"async\" width=\"165\" height=\"165\" src=\"https:\/\/eurace.sk\/wp-content\/uploads\/2024\/03\/eurace-uncik2_02.jpg\" alt=\"\" srcset=\"https:\/\/eurace.sk\/wp-content\/uploads\/2024\/03\/eurace-uncik2_02.jpg 165w, https:\/\/eurace.sk\/wp-content\/uploads\/2024\/03\/eurace-uncik2_02-150x150.jpg 150w\" sizes=\"(max-width: 165px) 100vw, 165px\" \/>\t\t\t\t\t\t\t\t\t\t\t\t\t\t\t<\/p>\n<h3>Faculty of Civil Engineering<br \/>\n<\/h3>\n<p><strong><em>prof. Ing. Stanislav Un\u010d\u00edk, PhD., dekan SvF STUBA<\/em><\/strong><\/p>\n<p><strong>Study Program:\u00a0<\/strong>Buildings Construction and Architecture (1st cycle)<\/p>\n<p><strong>EUR-ACE audit date:\u00a0<\/strong>September 1, 2017<\/p>\n<p><strong>Web:\u00a0<\/strong><a href=\"http:\/\/www.svf.stuba.sk\/\" target=\"_blank\" rel=\"noopener\">www.svf.stuba.sk<\/a><\/p>\n<p>\t\t\t\t\t\t\t\t\t\t\t\t\t\t\t<img decoding=\"async\" width=\"165\" height=\"165\" src=\"https:\/\/eurace.sk\/wp-content\/uploads\/2024\/03\/eurace_Soos-1.jpg\" alt=\"\" srcset=\"https:\/\/eurace.sk\/wp-content\/uploads\/2024\/03\/eurace_Soos-1.jpg 165w, https:\/\/eurace.sk\/wp-content\/uploads\/2024\/03\/eurace_Soos-1-150x150.jpg 150w\" sizes=\"(max-width: 165px) 100vw, 165px\" \/>\t\t\t\t\t\t\t\t\t\t\t\t\t\t\t<\/p>\n<h3>Faculty of Mechanical Engineering<\/h3>\n<p><strong><em>prof. Ing. \u013dubom\u00edr \u0160oo\u0161, PhD., dekan SjF STUBA<\/em><\/strong><\/p>\n<p><strong>Study Program:\u00a0<\/strong>Measurement and Quality Management in Mechanical Engineering (1st. cycle)<\/p>\n<p><strong>EUR-ACE audit date:\u00a0<\/strong>May 1, 2019<\/p>\n<p><strong><br \/>Study Program:\u00a0<\/strong>Production Systems and Quaklity Management (2nd. cycle)<\/p>\n<p><strong>EUR-ACE audit date:\u00a0<\/strong>May 1, 2019<\/p>\n<p><strong>Web:\u00a0<\/strong><a href=\"http:\/\/www.svf.stuba.sk\/\" target=\"_blank\" rel=\"noopener\">www.svf.stuba.sk<\/a><\/p>\n<h2>Technical University of Ko\u0161ice<\/h2>\n<p>\t\t\t\t\t\t\t\t\t\t\t\t\t\t\t<img loading=\"lazy\" decoding=\"async\" width=\"203\" height=\"304\" src=\"https:\/\/eurace.sk\/wp-content\/uploads\/2024\/03\/image005.jpg\" alt=\"\" srcset=\"https:\/\/eurace.sk\/wp-content\/uploads\/2024\/03\/image005.jpg 203w, https:\/\/eurace.sk\/wp-content\/uploads\/2024\/03\/image005-200x300.jpg 200w\" sizes=\"(max-width: 203px) 100vw, 203px\" \/>\t\t\t\t\t\t\t\t\t\t\t\t\t\t\t<\/p>\n<h3>Faculty of Mechanical Engineering<\/h3>\n<p><strong><em>Dr.h.c. mult. prof. Ing. Jozef \u017div\u010d\u00e1k, PhD., MPH., dekan SjF TUKE<\/em><\/strong><\/p>\n<p><strong>Study Program:\u00a0<\/strong>Mechanical Engineering\u00a0(1st cycle)<\/p>\n<p><strong>Validity from:\u00a0<\/strong>September 1, 2017<\/p>\n<p>\u00a0<\/p>\n<p><strong>Study Program:\u00a0<\/strong>Mechanical Engineering\u00a0 (2nd cycle)<\/p>\n<p><strong>Validity from:<\/strong>January 1, 2019<\/p>\n<p>\u00a0<\/p>\n<p><strong>Study Program:\u00a0<\/strong>Prosthetic and Orthotics (1st cycle)<\/p>\n<p><strong>Validity from:<\/strong>June 1, 2021<\/p>\n<p>\u00a0<\/p>\n<p><strong>Study Program:\u00a0<\/strong>Biomedical Engineering (2nd cycle)<\/p>\n<p><strong>Validity from:<\/strong>June 1, 2021<\/p>\n<p><strong><br \/>Web:\u00a0<\/strong><a href=\"http:\/\/www.sjf.tuke.sk\/\" target=\"_blank\" rel=\"noopener\">www.sjf.tuke.sk<\/a><\/p>\n<p>\t\t\t\t\t\t\t\t\t\t\t\t\t\t\t<img loading=\"lazy\" decoding=\"async\" width=\"165\" height=\"165\" src=\"https:\/\/eurace.sk\/wp-content\/uploads\/2024\/03\/eurace-vincent-kvocak_01.jpg\" alt=\"\" srcset=\"https:\/\/eurace.sk\/wp-content\/uploads\/2024\/03\/eurace-vincent-kvocak_01.jpg 165w, https:\/\/eurace.sk\/wp-content\/uploads\/2024\/03\/eurace-vincent-kvocak_01-150x150.jpg 150w\" sizes=\"(max-width: 165px) 100vw, 165px\" \/>\t\t\t\t\t\t\t\t\t\t\t\t\t\t\t<\/p>\n<h3>Faculty of Civil Enginering<\/h3>\n<p><strong><em>prof. Ing. Vincent Kvo\u010d\u00e1k, PhD., dekan SvF TUKE<\/em><\/strong><\/p>\n<p><strong>Study Program:\u00a0<\/strong>Architectural Engineering and Architecture (1st cycle)<\/p>\n<p><strong>Validity from:<\/strong>September 1, 2017<\/p>\n<p><strong><br \/>Study Program:\u00a0<\/strong>Architecture Construction (2nd cycle)<\/p>\n<p><strong>Validity from:<\/strong>June 1, 2018<\/p>\n<p><strong><br \/>Web:\u00a0<\/strong><a href=\"https:\/\/www.svf.tuke.sk\/\" target=\"_blank\" rel=\"noopener\">www.svf.tuke.sk<\/a><\/p>\n<p>\t\t\t\t\t\t\t\t\t\t\t\t\t\t\t<img loading=\"lazy\" decoding=\"async\" width=\"165\" height=\"165\" src=\"https:\/\/eurace.sk\/wp-content\/uploads\/2024\/03\/eurace_Zajac.jpg\" alt=\"\" srcset=\"https:\/\/eurace.sk\/wp-content\/uploads\/2024\/03\/eurace_Zajac.jpg 165w, https:\/\/eurace.sk\/wp-content\/uploads\/2024\/03\/eurace_Zajac-150x150.jpg 150w\" sizes=\"(max-width: 165px) 100vw, 165px\" \/>\t\t\t\t\t\t\t\t\t\t\t\t\t\t\t<\/p>\n<h3>Faculty of Manufacturing Technologies<\/h3>\n<p><strong><em>Dr. h. c. prof. Ing. Jozef Zajac, CSc., dekan FVT TUKE<\/em><\/strong><\/p>\n<p><strong>Study Program:\u00a0<\/strong>Computer Aided Manufacture (2nd cycle)<\/p>\n<p><strong>Validity from:\u00a0<\/strong>May 1, 2019<\/p>\n<p><strong><br \/>Web:\u00a0<\/strong><a href=\"http:\/\/www.fvt.tuke.sk\/\" target=\"_blank\" rel=\"noopener\">http:\/\/www.fvt.tuke.sk\/<\/a><\/p>\n<h2>Alexander Dub\u010dek University of Tren\u010d\u00edn<\/h2>\n<p>\t\t\t\t\t\t\t\t\t\t\t\t\t\t\t<img loading=\"lazy\" decoding=\"async\" width=\"165\" height=\"165\" src=\"https:\/\/eurace.sk\/wp-content\/uploads\/2024\/03\/eurace_Ondrusova.jpg\" alt=\"\" srcset=\"https:\/\/eurace.sk\/wp-content\/uploads\/2024\/03\/eurace_Ondrusova.jpg 165w, https:\/\/eurace.sk\/wp-content\/uploads\/2024\/03\/eurace_Ondrusova-150x150.jpg 150w\" sizes=\"(max-width: 165px) 100vw, 165px\" \/>\t\t\t\t\t\t\t\t\t\t\t\t\t\t\t<\/p>\n<h3>Faculty of Industrial Technologies<\/h3>\n<p><strong><em>prof. Ing. Darina Ondru\u0161ov\u00e1, PhD. dekanka FPT TUAD TN<\/em><\/strong><\/p>\n<p><strong>Study Program:\u00a0<\/strong>Material Engineering (2nd cycle)<\/p>\n<p><strong>Validity from:\u00a0<\/strong>May 1, 2019<\/p>\n<p><strong><br \/>Web:\u00a0<\/strong><a href=\"http:\/\/www.fpt.tnuni.sk\/\" target=\"_blank\" rel=\"noopener\">http:\/\/www.fpt.tnuni.sk\/<\/a><\/p>\n<p>\t\t\t\t\t\t\t\t\t\t\t\t\t\t\t<img loading=\"lazy\" decoding=\"async\" width=\"165\" height=\"165\" src=\"https:\/\/eurace.sk\/wp-content\/uploads\/2024\/03\/eurace_Cibulka.jpg\" alt=\"\" srcset=\"https:\/\/eurace.sk\/wp-content\/uploads\/2024\/03\/eurace_Cibulka.jpg 165w, https:\/\/eurace.sk\/wp-content\/uploads\/2024\/03\/eurace_Cibulka-150x150.jpg 150w\" sizes=\"(max-width: 165px) 100vw, 165px\" \/>\t\t\t\t\t\t\t\t\t\t\t\t\t\t\t<\/p>\n<h3>Faculty of Special Technology<\/h3>\n<p><strong><em>doc. Ing. Viliam Cibulka, CSc.., dekan F\u0160T TUAD TN<\/em><\/strong><\/p>\n<p><strong>Study Program:\u00a0<\/strong>Special Mechanical Enginering Technology (2nd cycle)<\/p>\n<p><strong>Validity from:\u00a0<\/strong>May 1, 2019<\/p>\n<p><strong><br \/>Study Program:\u00a0<\/strong>Maintenance and Repair of Special Mobile Technology (2nd cycle)<\/p>\n<p><strong>Validity from:\u00a0<\/strong>May 1, 2019<\/p>\n<p><strong><br \/>Web:\u00a0<\/strong><a href=\"http:\/\/www.fst.tnuni.sk\/\" target=\"_blank\" rel=\"noopener\">http:\/\/www.fst.tnuni.sk\/<\/a><\/p>\n<h2>Slovak University of Agriculture in Nitra<\/h2>\n<p>\t\t\t\t\t\t\t\t\t\t\t\t\t\t\t<img loading=\"lazy\" decoding=\"async\" width=\"165\" height=\"165\" src=\"https:\/\/eurace.sk\/wp-content\/uploads\/2024\/03\/RomanGalik.jpg\" alt=\"\" srcset=\"https:\/\/eurace.sk\/wp-content\/uploads\/2024\/03\/RomanGalik.jpg 165w, https:\/\/eurace.sk\/wp-content\/uploads\/2024\/03\/RomanGalik-150x150.jpg 150w\" sizes=\"(max-width: 165px) 100vw, 165px\" \/>\t\t\t\t\t\t\t\t\t\t\t\t\t\t\t<\/p>\n<h3>Technical Faculty<\/h3>\n<p><strong><em>prof. Ing. Roman G\u00e1lik, PhD. dekan TF SPU NR<\/em><\/strong><\/p>\n<p><strong>Study Program:\u00a0<\/strong>Control Systens in Production Engineering (1st cycle)<\/p>\n<p><strong>Validity from:\u00a0<\/strong>January 1, 2020<\/p>\n<p><strong><br \/>Study Program:\u00a0<\/strong>Control Systens in Production Engineering (2nd cycle)<\/p>\n<p><strong>Validity from:\u00a0<\/strong>January 1, 2020<\/p>\n<p><strong><br \/>Web:\u00a0<\/strong><a href=\"https:\/\/tf.uniag.sk\/sk\/\" target=\"_blank\" rel=\"noopener\">https:\/\/tf.uniag.sk\/sk\/<\/a><\/p>\n","protected":false},"excerpt":{"rendered":"<p>Slovak University of Technology STU, Bratislava Faculty of Chemical and Food Technology prof. Ing. J\u00e1n \u0160ajbidor, DrSc., dekan FCHPT STUBA Study Program:\u00a0Chemical Technologies (2nd cycle) EUR-ACE audit date:\u00a0September 1, 2017 Web:\u00a0www.fchpt.stuba.sk Faculty of Civil Engineering prof. Ing. Stanislav Un\u010d\u00edk, PhD., dekan SvF STUBA Study Program:\u00a0Buildings Construction and Architecture (1st cycle) EUR-ACE audit date:\u00a0September 1, 2017 [&hellip;]<\/p>\n","protected":false},"author":1,"featured_media":554,"parent":835,"menu_order":0,"comment_status":"closed","ping_status":"closed","template":"","meta":{"footnotes":""},"class_list":["post-832","page","type-page","status-publish","has-post-thumbnail","hentry"],"_links":{"self":[{"href":"https:\/\/eurace.sk\/en\/wp-json\/wp\/v2\/pages\/832","targetHints":{"allow":["GET"]}}],"collection":[{"href":"https:\/\/eurace.sk\/en\/wp-json\/wp\/v2\/pages"}],"about":[{"href":"https:\/\/eurace.sk\/en\/wp-json\/wp\/v2\/types\/page"}],"author":[{"embeddable":true,"href":"https:\/\/eurace.sk\/en\/wp-json\/wp\/v2\/users\/1"}],"replies":[{"embeddable":true,"href":"https:\/\/eurace.sk\/en\/wp-json\/wp\/v2\/comments?post=832"}],"version-history":[{"count":4,"href":"https:\/\/eurace.sk\/en\/wp-json\/wp\/v2\/pages\/832\/revisions"}],"predecessor-version":[{"id":944,"href":"https:\/\/eurace.sk\/en\/wp-json\/wp\/v2\/pages\/832\/revisions\/944"}],"up":[{"embeddable":true,"href":"https:\/\/eurace.sk\/en\/wp-json\/wp\/v2\/pages\/835"}],"wp:featuredmedia":[{"embeddable":true,"href":"https:\/\/eurace.sk\/en\/wp-json\/wp\/v2\/media\/554"}],"wp:attachment":[{"href":"https:\/\/eurace.sk\/en\/wp-json\/wp\/v2\/media?parent=832"}],"curies":[{"name":"wp","href":"https:\/\/api.w.org\/{rel}","templated":true}]}}